{"id":2198,"date":"2019-10-08T11:21:09","date_gmt":"2019-10-08T11:21:09","guid":{"rendered":"https:\/\/leitmotif.qodeinteractive.com\/?page_id=2198"},"modified":"2025-05-29T17:48:28","modified_gmt":"2025-05-29T20:48:28","slug":"personal","status":"publish","type":"page","link":"https:\/\/brunapasternak.com\/?page_id=2198","title":{"rendered":"Personal"},"content":{"rendered":"<p>[vc_row css=&#8221;.vc_custom_1570533668677{padding-top: 270px !important;}&#8221;][vc_column][vc_row_inner row_content_width=&#8221;grid&#8221; css=&#8221;.vc_custom_1570534039093{padding-bottom: 57px !important;}&#8221;][vc_column_inner offset=&#8221;vc_col-lg-offset-3 vc_col-lg-6 vc_col-md-offset-0 vc_col-md-12 vc_col-sm-offset-0&#8243;]<div class=\"edgtf-single-image-holder   \">\n    <div class=\"edgtf-si-inner\" >\n                                                            <\/div>\n<\/div>[\/vc_column_inner][\/vc_row_inner][vc_empty_space height=&#8221;900px&#8221;][vc_single_image image=&#8221;3183&#8243; img_size=&#8221;1280&#215;300&#8243; alignment=&#8221;center&#8221;][vc_empty_space height=&#8221;50px&#8221;][\/vc_column][\/vc_row][vc_row simple_background_color=&#8221;rgba(119,119,119,0.75)&#8221;][vc_column width=&#8221;1\/2&#8243;]<div class=\"edgtf-elements-holder   edgtf-two-columns  edgtf-responsive-mode-768 \" ><div class=\"edgtf-eh-item    \"  data-item-class=\"edgtf-eh-custom-4138\" data-769-1024=\"0 30px 0 30px\" data-681-768=\"0 30px 0 30px\" data-680=\"0 30px 0 30px\">\n\t<div class=\"edgtf-eh-item-inner\">\n\t\t<div class=\"edgtf-eh-item-content edgtf-eh-custom-4138\" style=\"padding: 0 50px 0 50px\">\n\t\t\t[vc_column_text el_class=&#8221;.wpb_wrapper { background-color: #04040496; \/* ou simplesmente black *\/ }&#8221;]Oi!<\/p>\n<p>Sou a Bruna. Atriz, diretora, m\u00e3e de tr\u00eas&#8230; e algu\u00e9m que sempre precisou criar pra dar sentido \u00e0s coisas. \u00c0s vezes pintando, \u00e0s vezes escrevendo, cantando, \u00e0s vezes falando sozinha e interpretando cenas que inventava do nada. Sempre foi assim \u2014 uma forma de me expressar, de entender o mundo e de me entender dentro dele.<\/p>\n<p>Comecei a atuar ainda no Brasil, de um jeito totalmente livre, sem press\u00e3o. Era prazer. Uma mistura de divers\u00e3o e terapia. Nunca foi sobre carreira naquela \u00e9poca \u2014 era sobre sentir.<\/p>\n<p>Fui m\u00e3e aos 20, depois aos 23, e mais uma vez aos 29. Deixar aqui uma frase de efeito bonita, n\u00e3o seria eu. \u00c9 bem dif\u00edcil ser m\u00e3e nessa idade e tentar abra\u00e7ar o mundo ao mesmo tempo. Como muitas, ali voc\u00ea perde a sua identidade e passa a ser \u201c<i>a m\u00e3e<\/i>&#8220;. E agora pensa nisso para uma pessoa que precisa da conex\u00e3o com ela mesma para poder criar\u2026<\/p>\n<p>&#8211; Um dia, em uma sess\u00e3o de terapia, minha terapeuta disse: <i>&#8220;Bruna, voc\u00ea j\u00e1 percebeu que voc\u00ea s\u00f3 \u00e9 quem voc\u00ea \u00e9 porque \u00e9 m\u00e3e de 3 crian\u00e7as? Que se fosse m\u00e3e de 2 seria diferente? Que se morasse em Londres seria diferente? Que se gostasse de c\u00f4co (s\u00f3 tomo a \u00e1gua) e gostasse menos de chocolate seria diferente?\u201d<\/i> E assim eu entendi que precisava aceitar 100% das minhas partes e perceber que s\u00f3 estamos onde estamos porque temos exatamente as caracter\u00edsticas que temos hoje &#8211; gostando ou n\u00e3o. &#8211;<\/p>\n<p>E assim me conectei com partes de mim que talvez eu nunca tivesse conhecido se n\u00e3o fosse por eles. Criei meus filhos ao mesmo tempo em que fui me criando como artista e como mulher.[\/vc_column_text]\t\t<\/div>\n\t<\/div>\n<\/div><\/div>[\/vc_column][vc_column width=&#8221;1\/2&#8243;]<div class=\"edgtf-elements-holder   edgtf-two-columns  edgtf-responsive-mode-768 \" ><div class=\"edgtf-eh-item    \"  data-item-class=\"edgtf-eh-custom-8297\" data-769-1024=\"0 30px 0 30px\" data-681-768=\"0 30px 0 30px\" data-680=\"0 30px 0 30px\">\n\t<div class=\"edgtf-eh-item-inner\">\n\t\t<div class=\"edgtf-eh-item-content edgtf-eh-custom-8297\" style=\"padding: 0 50px 0 50px\">\n\t\t\t[vc_column_text el_class=&#8221;.wpb_wrapper { background-color: #04040496; \/* ou simplesmente black *\/ }&#8221;]L\u00e1 atr\u00e1s, abri minha produtora, a Artic Films. E por mais de 10 anos mergulhei em produ\u00e7\u00f5es internacionais, montando equipes, lidando com diferentes culturas, criando projetos do zero. Foi intenso, bonito, desafiador. A Artic foi a forma que encontrei de construir a minha ponte com o mundo.<\/p>\n<p>Em 2018, a vida mudou de novo \u2014 e a gente veio pra Barcelona. Eu, os meninos e meu marido. A maternidade em outro pa\u00eds, a rotina longe de casa, tudo isso me trouxe uma outra forma de olhar pra arte, mais pausada, mais escuta. Mas ela nunca parou de pulsar aqui dentro.<\/p>\n<p>Deixei a arte vir como a intui\u00e7\u00e3o mandava: pintei quadros, cantei, escrevi\u2026<\/p>\n<p>Nos \u00faltimos anos, senti que era hora de voltar pra cena. N\u00e3o como um retorno ao que foi, mas como um reencontro com quem eu sou agora. Mais inteira, mais consciente, mais dispon\u00edvel.<\/p>\n<p>Participei de mais de 18 projetos em um \u00fanico ano \u2014 coisa que eu mesma demorei pra acreditar. E em dois deles, <i>Camila Dibujos<\/i> e <i>Misi\u00f3n Europa<\/i>, como protagonista, senti que consegui colocar pra fora tudo o que venho acumulando em sil\u00eancio nos \u00faltimos anos.<\/p>\n<p>Gosto do que \u00e9 \u00edntimo, do que tem alma. Me atraem as atmosferas, as hist\u00f3rias que tocam fundo, o sens\u00edvel, o imperfeito. Acredito que a arte n\u00e3o precisa ser gigante pra ser profunda. Ela s\u00f3 precisa ser honesta.<\/p>\n<p>E \u00e9 com essa verdade que eu escolho estar \u2014 em cena, na vida, comigo mesma.<\/p>\n<p>Com carinho,<\/p>\n<p><strong>Bruna.<\/strong>[\/vc_column_text]\t\t<\/div>\n\t<\/div>\n<\/div><\/div>[\/vc_column][\/vc_row][vc_row][vc_column][vc_empty_space height=&#8221;50px&#8221;]\n\t\t\t<!-- START Slider 2 REVOLUTION SLIDER 6.5.24 --><p class=\"rs-p-wp-fix\"><\/p>\n\t\t\t<rs-module-wrap id=\"rev_slider_8_1_wrapper\" data-source=\"gallery\" style=\"visibility:hidden;background:transparent;padding:0;margin:0px auto;margin-top:0;margin-bottom:0;\">\n\t\t\t\t<rs-module id=\"rev_slider_8_1\" style=\"\" data-version=\"6.5.24\">\n\t\t\t\t\t<rs-slides>\n\t\t\t\t\t\t<rs-slide style=\"position: absolute;\" data-key=\"rs-17\" data-title=\"Slide\" data-in=\"o:0;\" data-out=\"a:false;\">\n\t\t\t\t\t\t\t<img decoding=\"async\" src=\"\/\/brunapasternak.com\/wp-content\/plugins\/revslider\/public\/assets\/assets\/dummy.png\" alt=\"Slide\" title=\"Personal\" class=\"rev-slidebg tp-rs-img rs-lazyload\" data-lazyload=\"\/\/brunapasternak.com\/wp-content\/plugins\/revslider\/public\/assets\/assets\/transparent.png\" data-no-retina>\n<!--\n\t\t\t\t\t\t\t--><rs-layer\n\t\t\t\t\t\t\t\tid=\"slider-8-slide-17-layer-0\" \n\t\t\t\t\t\t\t\tdata-type=\"image\"\n\t\t\t\t\t\t\t\tdata-rsp_ch=\"on\"\n\t\t\t\t\t\t\t\tdata-xy=\"x:2px;y:-2px;\"\n\t\t\t\t\t\t\t\tdata-text=\"w:normal;\"\n\t\t\t\t\t\t\t\tdata-dim=\"w:197px;h:263px;\"\n\t\t\t\t\t\t\t\tdata-frame_999=\"o:0;st:w;\"\n\t\t\t\t\t\t\t\tstyle=\"z-index:9;\"\n\t\t\t\t\t\t\t><img decoding=\"async\" src=\"\/\/brunapasternak.com\/wp-content\/plugins\/revslider\/public\/assets\/assets\/dummy.png\" alt=\"\" class=\"tp-rs-img rs-lazyload\" width=\"768\" height=\"1024\" data-lazyload=\"\/\/brunapasternak.com\/wp-content\/uploads\/2025\/05\/WhatsApp-Image-2023-11-16-at-12.39.23.jpeg\" data-no-retina> \n\t\t\t\t\t\t\t<\/rs-layer><!--\n\n\t\t\t\t\t\t\t--><rs-layer\n\t\t\t\t\t\t\t\tid=\"slider-8-slide-17-layer-1\" \n\t\t\t\t\t\t\t\tdata-type=\"image\"\n\t\t\t\t\t\t\t\tdata-rsp_ch=\"on\"\n\t\t\t\t\t\t\t\tdata-xy=\"x:198px;\"\n\t\t\t\t\t\t\t\tdata-text=\"w:normal;\"\n\t\t\t\t\t\t\t\tdata-dim=\"w:419px;h:558px;\"\n\t\t\t\t\t\t\t\tdata-frame_999=\"o:0;st:w;\"\n\t\t\t\t\t\t\t\tstyle=\"z-index:10;\"\n\t\t\t\t\t\t\t><img decoding=\"async\" src=\"\/\/brunapasternak.com\/wp-content\/plugins\/revslider\/public\/assets\/assets\/dummy.png\" alt=\"\" class=\"tp-rs-img rs-lazyload\" width=\"768\" height=\"1024\" data-lazyload=\"\/\/brunapasternak.com\/wp-content\/uploads\/2025\/05\/WhatsApp-Image-2023-11-16-at-12.38.59.jpeg\" data-no-retina> \n\t\t\t\t\t\t\t<\/rs-layer><!--\n\n\t\t\t\t\t\t\t--><rs-layer\n\t\t\t\t\t\t\t\tid=\"slider-8-slide-17-layer-2\" \n\t\t\t\t\t\t\t\tclass=\"rs-layer-video intrinsic-ignore\"\n\t\t\t\t\t\t\t\tdata-type=\"video\"\n\t\t\t\t\t\t\t\tdata-rsp_ch=\"on\"\n\t\t\t\t\t\t\t\tdata-xy=\"x:258px;y:554px;\"\n\t\t\t\t\t\t\t\tdata-text=\"w:normal;\"\n\t\t\t\t\t\t\t\tdata-dim=\"w:278px;h:371px;\"\n\t\t\t\t\t\t\t\tdata-video=\"vfc:true;vd:100;l:false;ptimer:false;\"\n\t\t\t\t\t\t\t\tdata-poster=\"\/\/brunapasternak.com\/wp-content\/uploads\/revslider\/video-media\/WhatsApp-Video-2023-11-16-at-12_17_layer.jpeg\"\n\t\t\t\t\t\t\t\tdata-mp4=\"\/\/brunapasternak.com\/wp-content\/uploads\/2025\/05\/WhatsApp-Video-2023-11-16-at-12.38.45.mp4\"\n\t\t\t\t\t\t\t\tdata-frame_999=\"o:0;st:w;\"\n\t\t\t\t\t\t\t\tstyle=\"z-index:11;\"\n\t\t\t\t\t\t\t>\n\t\t\t\t\t\t\t<\/rs-layer><!--\n\n\t\t\t\t\t\t\t--><rs-layer\n\t\t\t\t\t\t\t\tid=\"slider-8-slide-17-layer-3\" \n\t\t\t\t\t\t\t\tdata-type=\"image\"\n\t\t\t\t\t\t\t\tdata-rsp_ch=\"on\"\n\t\t\t\t\t\t\t\tdata-xy=\"x:749px;y:528px;\"\n\t\t\t\t\t\t\t\tdata-text=\"w:normal;\"\n\t\t\t\t\t\t\t\tdata-dim=\"w:493px;h:370px;\"\n\t\t\t\t\t\t\t\tdata-frame_1=\"x:1px;\"\n\t\t\t\t\t\t\t\tdata-frame_999=\"o:0;st:w;\"\n\t\t\t\t\t\t\t\tstyle=\"z-index:12;\"\n\t\t\t\t\t\t\t><img decoding=\"async\" src=\"\/\/brunapasternak.com\/wp-content\/plugins\/revslider\/public\/assets\/assets\/dummy.png\" alt=\"\" class=\"tp-rs-img rs-lazyload\" width=\"1024\" height=\"768\" data-lazyload=\"\/\/brunapasternak.com\/wp-content\/uploads\/2025\/05\/WhatsApp-Image-2023-11-16-at-12.35.36.jpeg\" data-no-retina> \n\t\t\t\t\t\t\t<\/rs-layer><!--\n\n\t\t\t\t\t\t\t--><rs-layer\n\t\t\t\t\t\t\t\tid=\"slider-8-slide-17-layer-5\" \n\t\t\t\t\t\t\t\tclass=\"rs-layer-video intrinsic-ignore\"\n\t\t\t\t\t\t\t\tdata-type=\"video\"\n\t\t\t\t\t\t\t\tdata-rsp_ch=\"on\"\n\t\t\t\t\t\t\t\tdata-xy=\"x:615px;y:-6px;\"\n\t\t\t\t\t\t\t\tdata-text=\"w:normal;\"\n\t\t\t\t\t\t\t\tdata-dim=\"w:336px;h:594px;\"\n\t\t\t\t\t\t\t\tdata-video=\"vfc:true;vd:100;l:false;ptimer:false;\"\n\t\t\t\t\t\t\t\tdata-poster=\"\/\/brunapasternak.com\/wp-content\/uploads\/revslider\/video-media\/WhatsApp-Video-2023-11-16-at-12_17_layer1.jpeg\"\n\t\t\t\t\t\t\t\tdata-mp4=\"\/\/brunapasternak.com\/wp-content\/uploads\/2025\/05\/WhatsApp-Video-2023-11-16-at-12.33.54.mp4\"\n\t\t\t\t\t\t\t\tdata-frame_999=\"o:0;st:w;\"\n\t\t\t\t\t\t\t\tstyle=\"z-index:14;\"\n\t\t\t\t\t\t\t>\n\t\t\t\t\t\t\t<\/rs-layer><!--\n\n\t\t\t\t\t\t\t--><rs-layer\n\t\t\t\t\t\t\t\tid=\"slider-8-slide-17-layer-8\" \n\t\t\t\t\t\t\t\tdata-type=\"image\"\n\t\t\t\t\t\t\t\tdata-rsp_ch=\"on\"\n\t\t\t\t\t\t\t\tdata-xy=\"y:556px;\"\n\t\t\t\t\t\t\t\tdata-text=\"w:normal;\"\n\t\t\t\t\t\t\t\tdata-dim=\"w:260px;h:346px;\"\n\t\t\t\t\t\t\t\tdata-frame_999=\"o:0;st:w;\"\n\t\t\t\t\t\t\t\tstyle=\"z-index:15;\"\n\t\t\t\t\t\t\t><img decoding=\"async\" src=\"\/\/brunapasternak.com\/wp-content\/plugins\/revslider\/public\/assets\/assets\/dummy.png\" alt=\"\" class=\"tp-rs-img rs-lazyload\" width=\"768\" height=\"1024\" data-lazyload=\"\/\/brunapasternak.com\/wp-content\/uploads\/2025\/05\/WhatsApp-Image-2023-11-16-at-12.35.19.jpeg\" data-no-retina> \n\t\t\t\t\t\t\t<\/rs-layer><!--\n\n\t\t\t\t\t\t\t--><rs-layer\n\t\t\t\t\t\t\t\tid=\"slider-8-slide-17-layer-10\" \n\t\t\t\t\t\t\t\tdata-type=\"image\"\n\t\t\t\t\t\t\t\tdata-rsp_ch=\"on\"\n\t\t\t\t\t\t\t\tdata-xy=\"x:485px;y:498px;\"\n\t\t\t\t\t\t\t\tdata-text=\"w:normal;\"\n\t\t\t\t\t\t\t\tdata-dim=\"w:305px;h:406px;\"\n\t\t\t\t\t\t\t\tdata-frame_999=\"o:0;st:w;\"\n\t\t\t\t\t\t\t\tstyle=\"z-index:16;\"\n\t\t\t\t\t\t\t><img decoding=\"async\" src=\"\/\/brunapasternak.com\/wp-content\/plugins\/revslider\/public\/assets\/assets\/dummy.png\" alt=\"\" class=\"tp-rs-img rs-lazyload\" width=\"768\" height=\"1024\" data-lazyload=\"\/\/brunapasternak.com\/wp-content\/uploads\/2025\/05\/WhatsApp-Image-2023-11-16-at-12.35.07.jpeg\" data-no-retina> \n\t\t\t\t\t\t\t<\/rs-layer><!--\n\n\t\t\t\t\t\t\t--><rs-layer\n\t\t\t\t\t\t\t\tid=\"slider-8-slide-17-layer-11\" \n\t\t\t\t\t\t\t\tdata-type=\"image\"\n\t\t\t\t\t\t\t\tdata-rsp_ch=\"on\"\n\t\t\t\t\t\t\t\tdata-xy=\"x:3px;y:260px;\"\n\t\t\t\t\t\t\t\tdata-text=\"w:normal;\"\n\t\t\t\t\t\t\t\tdata-dim=\"w:199px;h:297px;\"\n\t\t\t\t\t\t\t\tdata-frame_999=\"o:0;st:w;\"\n\t\t\t\t\t\t\t\tstyle=\"z-index:17;\"\n\t\t\t\t\t\t\t><img decoding=\"async\" src=\"\/\/brunapasternak.com\/wp-content\/plugins\/revslider\/public\/assets\/assets\/dummy.png\" alt=\"\" class=\"tp-rs-img rs-lazyload\" width=\"685\" height=\"1024\" data-lazyload=\"\/\/brunapasternak.com\/wp-content\/uploads\/2025\/05\/WhatsApp-Image-2023-11-16-at-12.36.30.jpeg\" data-no-retina> \n\t\t\t\t\t\t\t<\/rs-layer><!--\n\n\t\t\t\t\t\t\t--><rs-layer\n\t\t\t\t\t\t\t\tid=\"slider-8-slide-17-layer-13\" \n\t\t\t\t\t\t\t\tdata-type=\"image\"\n\t\t\t\t\t\t\t\tdata-rsp_ch=\"on\"\n\t\t\t\t\t\t\t\tdata-xy=\"x:947px;y:-8px;\"\n\t\t\t\t\t\t\t\tdata-text=\"w:normal;\"\n\t\t\t\t\t\t\t\tdata-dim=\"w:295px;h:525px;\"\n\t\t\t\t\t\t\t\tdata-frame_1=\"x:3px;y:9px;\"\n\t\t\t\t\t\t\t\tdata-frame_999=\"o:0;st:w;\"\n\t\t\t\t\t\t\t\tstyle=\"z-index:18;\"\n\t\t\t\t\t\t\t><img decoding=\"async\" src=\"\/\/brunapasternak.com\/wp-content\/plugins\/revslider\/public\/assets\/assets\/dummy.png\" alt=\"\" class=\"tp-rs-img rs-lazyload\" width=\"576\" height=\"1024\" data-lazyload=\"\/\/brunapasternak.com\/wp-content\/uploads\/2025\/05\/WhatsApp-Image-2023-11-16-at-12.34.41.jpeg\" data-no-retina> \n\t\t\t\t\t\t\t<\/rs-layer><!--\n-->\t\t\t\t\t\t<\/rs-slide>\n\t\t\t\t\t<\/rs-slides>\n\t\t\t\t<\/rs-module>\n\t\t\t\t<script>\n\t\t\t\t\tsetREVStartSize({c: 'rev_slider_8_1',rl:[1240,1024,778,480],el:[900],gw:[1240],gh:[900],type:'standard',justify:'',layout:'fullwidth',mh:\"0\"});if (window.RS_MODULES!==undefined && window.RS_MODULES.modules!==undefined && window.RS_MODULES.modules[\"revslider81\"]!==undefined) {window.RS_MODULES.modules[\"revslider81\"].once = false;window.revapi8 = undefined;if (window.RS_MODULES.checkMinimal!==undefined) window.RS_MODULES.checkMinimal()}\n\t\t\t\t<\/script>\n\t\t\t<\/rs-module-wrap>\n\t\t\t<!-- END REVOLUTION SLIDER -->\n[vc_empty_space height=&#8221;50px&#8221;][\/vc_column][\/vc_row]<\/p>\n","protected":false},"excerpt":{"rendered":"<p>[vc_row css=&#8221;.vc_custom_1570533668677{padding-top: 270px !important;}&#8221;][vc_column][vc_row_inner row_content_width=&#8221;grid&#8221; css=&#8221;.vc_custom_1570534039093{padding-bottom: 57px !important;}&#8221;][vc_column_inner offset=&#8221;vc_col-lg-offset-3 vc_col-lg-6 vc_col-md-offset-0 vc_col-md-12 vc_col-sm-offset-0&#8243;][\/vc_column_inner][\/vc_row_inner][vc_empty_space height=&#8221;900px&#8221;][vc_single_image image=&#8221;3183&#8243; img_size=&#8221;1280&#215;300&#8243; alignment=&#8221;center&#8221;][vc_empty_space height=&#8221;50px&#8221;][\/vc_column][\/vc_row][vc_row simple_background_color=&#8221;rgba(119,119,119,0.75)&#8221;][vc_column width=&#8221;1\/2&#8243;][\/vc_column][vc_column width=&#8221;1\/2&#8243;][\/vc_column][\/vc_row][vc_row][vc_column][vc_empty_space height=&#8221;50px&#8221;][vc_empty_space height=&#8221;50px&#8221;][\/vc_column][\/vc_row]<\/p>\n","protected":false},"author":1,"featured_media":0,"parent":0,"menu_order":0,"comment_status":"closed","ping_status":"closed","template":"full-width.php","meta":{"footnotes":""},"class_list":["post-2198","page","type-page","status-publish","hentry"],"_links":{"self":[{"href":"https:\/\/brunapasternak.com\/index.php?rest_route=\/wp\/v2\/pages\/2198","targetHints":{"allow":["GET"]}}],"collection":[{"href":"https:\/\/brunapasternak.com\/index.php?rest_route=\/wp\/v2\/pages"}],"about":[{"href":"https:\/\/brunapasternak.com\/index.php?rest_route=\/wp\/v2\/types\/page"}],"author":[{"embeddable":true,"href":"https:\/\/brunapasternak.com\/index.php?rest_route=\/wp\/v2\/users\/1"}],"replies":[{"embeddable":true,"href":"https:\/\/brunapasternak.com\/index.php?rest_route=%2Fwp%2Fv2%2Fcomments&post=2198"}],"version-history":[{"count":86,"href":"https:\/\/brunapasternak.com\/index.php?rest_route=\/wp\/v2\/pages\/2198\/revisions"}],"predecessor-version":[{"id":3182,"href":"https:\/\/brunapasternak.com\/index.php?rest_route=\/wp\/v2\/pages\/2198\/revisions\/3182"}],"wp:attachment":[{"href":"https:\/\/brunapasternak.com\/index.php?rest_route=%2Fwp%2Fv2%2Fmedia&parent=2198"}],"curies":[{"name":"wp","href":"https:\/\/api.w.org\/{rel}","templated":true}]}}